{"id":2,"date":"2011-09-20T13:55:01","date_gmt":"2011-09-20T19:55:01","guid":{"rendered":"http:\/\/copades.com\/monec\/?page_id=2"},"modified":"2025-03-08T14:10:04","modified_gmt":"2025-03-08T20:10:04","slug":"copades-sa","status":"publish","type":"page","link":"https:\/\/copades.com\/monec\/?page_id=2","title":{"rendered":"COPADES"},"content":{"rendered":"<p><img loading=\"lazy\" decoding=\"async\" class=\"size-full wp-image-52 aligncenter\" style=\"margin-top: 10px; margin-bottom: 10px;\" title=\"Consultores para el Desarrollo\" src=\"https:\/\/copades.com\/monec\/wp-content\/uploads\/2011\/11\/b-copades-03.jpg\" alt=\"\" width=\"586\" height=\"261\" srcset=\"https:\/\/copades.com\/monec\/wp-content\/uploads\/2011\/11\/b-copades-03.jpg 586w, https:\/\/copades.com\/monec\/wp-content\/uploads\/2011\/11\/b-copades-03-300x133.jpg 300w\" sizes=\"auto, (max-width: 586px) 100vw, 586px\" \/>Consultores para el Desarrollo, S.A. es una firma de servicios profesionales orientada a la consultor\u00eda econ\u00f3mica, financiera, gerencial, as\u00ed como a la realizaci\u00f3n de estudios y proyectos para empresas privadas, nacionales y extranjeras, entidades p\u00fablicas y organismos internacionales. Los servicios de la firma tienen cobertura tanto a nivel nacional como centroamericano.<\/p>\n<p style=\"text-align: justify;\" align=\"justify\">COPADES\u00ae tiene su sede en la Ciudad de Guatemala, despachos asociados en El Salvador y Nicaragua, y relaciones de corresponsal\u00eda con bufetes profesionales afines en Honduras, Costa Rica y Panam\u00e1. En 1984, COPADES\u00ae introdujo un concepto innovador de servicio profesional permanente con el establecimiento de su Programa de Consultor\u00eda dirigido a Grupos Empresariales de An\u00e1lisis (GEA\u00ae), del cual forman parte muchas de las compa\u00f1\u00edas de mayor prestigio e importancia en el pa\u00eds y la regi\u00f3n, entre ellas: Credomatic, Bayer, Citibank, Cementos Progreso, Siemens, Banco Industrial, Unilever, Pollo Campero, Colgate, Cervecer\u00eda Centroamericana, Comcel, Pepsico, Chevron, Tacasa, Nestl\u00e9, entre otras.<\/p>\n<p style=\"text-align: justify;\" align=\"justify\">Los <a href=\"http:\/\/www.copades.com\/pub\/es\/serviciosfirma.html\">Servicios de la Firma<\/a> son reconocidos y requeridos por prestigiosas empresas locales y transnacionales. <a title=\"Consultores para el Desarrollo, S.A.\" href=\"http:\/\/www.copades.com\">www.copades.com<\/a><\/p>\n","protected":false},"excerpt":{"rendered":"<p>Consultores para el Desarrollo, S.A. es una firma de servicios profesionales orientada a la consultor\u00eda econ\u00f3mica, financiera, gerencial, as\u00ed como a la realizaci\u00f3n de estudios y proyectos para empresas privadas, nacionales y extranjeras, entidades&#46;&#46;&#46;<\/p>\n","protected":false},"author":1,"featured_media":0,"parent":0,"menu_order":0,"comment_status":"open","ping_status":"closed","template":"","meta":{"footnotes":""},"class_list":["post-2","page","type-page","status-publish","hentry"],"_links":{"self":[{"href":"https:\/\/copades.com\/monec\/index.php?rest_route=\/wp\/v2\/pages\/2","targetHints":{"allow":["GET"]}}],"collection":[{"href":"https:\/\/copades.com\/monec\/index.php?rest_route=\/wp\/v2\/pages"}],"about":[{"href":"https:\/\/copades.com\/monec\/index.php?rest_route=\/wp\/v2\/types\/page"}],"author":[{"embeddable":true,"href":"https:\/\/copades.com\/monec\/index.php?rest_route=\/wp\/v2\/users\/1"}],"replies":[{"embeddable":true,"href":"https:\/\/copades.com\/monec\/index.php?rest_route=%2Fwp%2Fv2%2Fcomments&post=2"}],"version-history":[{"count":8,"href":"https:\/\/copades.com\/monec\/index.php?rest_route=\/wp\/v2\/pages\/2\/revisions"}],"predecessor-version":[{"id":63744,"href":"https:\/\/copades.com\/monec\/index.php?rest_route=\/wp\/v2\/pages\/2\/revisions\/63744"}],"wp:attachment":[{"href":"https:\/\/copades.com\/monec\/index.php?rest_route=%2Fwp%2Fv2%2Fmedia&parent=2"}],"curies":[{"name":"wp","href":"https:\/\/api.w.org\/{rel}","templated":true}]}}